{"id":729,"date":"2022-06-08T12:31:52","date_gmt":"2022-06-08T10:31:52","guid":{"rendered":"https:\/\/rubin-gu.ch\/gewerbezentrum-kallnach\/?page_id=729"},"modified":"2022-07-25T11:31:53","modified_gmt":"2022-07-25T09:31:53","slug":"interessentenformular-gewerbeflaeche","status":"publish","type":"page","link":"https:\/\/rubin-gu.ch\/gewerbezentrum-kallnach\/interessentenformular-gewerbeflaeche\/","title":{"rendered":"Interessentenformular Gewerbefl\u00e4che"},"content":{"rendered":"[vc_row type=&#8220;in_container&#8220; full_screen_row_position=&#8220;middle&#8220; column_margin=&#8220;default&#8220; column_direction=&#8220;default&#8220; column_direction_tablet=&#8220;default&#8220; column_direction_phone=&#8220;default&#8220; scene_position=&#8220;center&#8220; top_padding=&#8220;66&#8243; bottom_padding=&#8220;66&#8243; top_padding_tablet=&#8220;100&#8243; bottom_padding_tablet=&#8220;100&#8243; top_padding_phone=&#8220;40&#8243; bottom_padding_phone=&#8220;0&#8243; left_padding_phone=&#8220;0&#8243; right_padding_phone=&#8220;0&#8243; text_color=&#8220;dark&#8220; text_align=&#8220;left&#8220; row_border_radius=&#8220;none&#8220; row_border_radius_applies=&#8220;bg&#8220; overflow=&#8220;visible&#8220; id=&#8220;standort&#8220; advanced_gradient_angle=&#8220;0&#8243; overlay_strength=&#8220;0.3&#8243; gradient_direction=&#8220;left_to_right&#8220; shape_divider_color=&#8220;#ffffff&#8220; shape_divider_position=&#8220;top&#8220; shape_divider_height=&#8220;10vh&#8220; shape_divider_bring_to_front=&#8220;true&#8220; bg_image_animation=&#8220;none&#8220; shape_type=&#8220;triangle&#8220; gradient_type=&#8220;default&#8220;][vc_column column_padding=&#8220;no-extra-padding&#8220; column_padding_tablet=&#8220;inherit&#8220; column_padding_phone=&#8220;inherit&#8220; column_padding_position=&#8220;all&#8220; column_element_spacing=&#8220;default&#8220; background_color_opacity=&#8220;1&#8243; background_hover_color_opacity=&#8220;1&#8243; column_shadow=&#8220;none&#8220; column_border_radius=&#8220;none&#8220; column_link_target=&#8220;_self&#8220; column_position=&#8220;default&#8220; gradient_direction=&#8220;left_to_right&#8220; overlay_strength=&#8220;0.3&#8243; width=&#8220;1\/6&#8243; tablet_width_inherit=&#8220;default&#8220; tablet_text_alignment=&#8220;default&#8220; phone_text_alignment=&#8220;default&#8220; animation_type=&#8220;default&#8220; bg_image_animation=&#8220;none&#8220; border_type=&#8220;simple&#8220; column_border_width=&#8220;none&#8220; column_border_style=&#8220;solid&#8220;][\/vc_column][vc_column column_padding=&#8220;no-extra-padding&#8220; column_padding_tablet=&#8220;inherit&#8220; column_padding_phone=&#8220;no-extra-padding&#8220; column_padding_position=&#8220;all&#8220; column_element_spacing=&#8220;default&#8220; background_color_opacity=&#8220;1&#8243; background_hover_color_opacity=&#8220;1&#8243; column_shadow=&#8220;none&#8220; column_border_radius=&#8220;none&#8220; column_link_target=&#8220;_self&#8220; column_position=&#8220;default&#8220; gradient_direction=&#8220;left_to_right&#8220; overlay_strength=&#8220;0.3&#8243; width=&#8220;2\/3&#8243; tablet_width_inherit=&#8220;default&#8220; tablet_text_alignment=&#8220;default&#8220; phone_text_alignment=&#8220;default&#8220; animation_type=&#8220;default&#8220; bg_image_animation=&#8220;none&#8220; border_type=&#8220;simple&#8220; column_border_width=&#8220;none&#8220; column_border_style=&#8220;solid&#8220;][vc_column_text css=&#8220;.vc_custom_1654686617507{margin-bottom: 30px !important;}&#8220;]<a href=\"https:\/\/rubin-gu.ch\/gewerbezentrum-kallnach\/\">&lt; ZUR\u00dcCK ZUR STARTSEITE<\/a>[\/vc_column_text][vc_column_text css=&#8220;.vc_custom_1654686389679{margin-bottom: 30px !important;}&#8220;]\n<h1>Interessentenformular Gewerbefl\u00e4che<\/h1>\n[\/vc_column_text][divider line_type=&#8220;No Line&#8220; custom_height=&#8220;49&#8243; custom_height_phone=&#8220;30&#8243;][vc_column_text]Bei Interesse an der komfortablen und vielseitig nutzbaren Gewerbefl\u00e4che f\u00fcllen Sie bitte das untenstehende Formular vollst\u00e4ndig aus.[\/vc_column_text][divider line_type=&#8220;No Line&#8220; custom_height=&#8220;49&#8243; custom_height_phone=&#8220;30&#8243;][image_with_animation image_url=&#8220;876&#8243; image_size=&#8220;full&#8220; animation_type=&#8220;entrance&#8220; animation=&#8220;None&#8220; hover_animation=&#8220;none&#8220; alignment=&#8220;&#8220; img_link_target=&#8220;_blank&#8220; border_radius=&#8220;none&#8220; box_shadow=&#8220;none&#8220; image_loading=&#8220;default&#8220; max_width=&#8220;100%&#8220; max_width_mobile=&#8220;default&#8220; img_link=&#8220;\/gewerbezentrum-kallnach\/wp-content\/files\/gewerbezentrum-kallnach-bern-grundrissplan-gewerbeflaechen.pdf&#8220;][divider line_type=&#8220;No Line&#8220; custom_height=&#8220;49&#8243; custom_height_phone=&#8220;30&#8243;]<div role=\"form\" class=\"wpcf7\" id=\"wpcf7-f736-o1\" lang=\"de-DE\" dir=\"ltr\">\n<div class=\"screen-reader-response\"><p role=\"status\" aria-live=\"polite\" aria-atomic=\"true\"><\/p> <ul><\/ul><\/div>\n<form action=\"\/gewerbezentrum-kallnach\/wp-json\/wp\/v2\/pages\/729#wpcf7-f736-o1\" method=\"post\" class=\"wpcf7-form init\" novalidate=\"novalidate\" data-status=\"init\">\n<div style=\"display: none;\">\n<input type=\"hidden\" name=\"_wpcf7\" value=\"736\" \/>\n<input type=\"hidden\" name=\"_wpcf7_version\" value=\"5.6.3\" \/>\n<input type=\"hidden\" name=\"_wpcf7_locale\" value=\"de_DE\" \/>\n<input type=\"hidden\" name=\"_wpcf7_unit_tag\" value=\"wpcf7-f736-o1\" \/>\n<input type=\"hidden\" name=\"_wpcf7_container_post\" value=\"0\" \/>\n<input type=\"hidden\" name=\"_wpcf7_posted_data_hash\" value=\"\" \/>\n<input type=\"hidden\" name=\"_wpcf7_recaptcha_response\" value=\"\" \/>\n<\/div>\n<div class=\"col span_12\">\n<h3 class=\"formular-titel\">Gewerbefl\u00e4che bis 2'767m2<\/h3>\n<\/div>\n<div class=\"col span_12 col_last\">\n<p><span class=\"wpcf7-form-control-wrap\" data-name=\"wunschdatum\"><input type=\"text\" name=\"wunschdatum\" value=\"\" size=\"40\" class=\"wpcf7-form-control wpcf7-text wpcf7-validates-as-required\" aria-required=\"true\" aria-invalid=\"false\" placeholder=\"Wunschdatum Mietbeginn\" \/><\/span><\/p>\n<\/div>\n<div class=\"col span_12\">\n<h3 class=\"formular-titel\">Interessent\/In<\/h3>\n<\/div>\n<div class=\"col span_12\">\n<p><span class=\"wpcf7-form-control-wrap\" data-name=\"firma\"><input type=\"text\" name=\"firma\" value=\"\" size=\"40\" class=\"wpcf7-form-control wpcf7-text\" aria-invalid=\"false\" placeholder=\"Firma (optional)\" \/><\/span><\/p>\n<\/div>\n<div class=\"col span_4\">\n<p><span class=\"wpcf7-form-control-wrap\" data-name=\"anrede\"><input type=\"text\" name=\"anrede\" value=\"\" size=\"40\" class=\"wpcf7-form-control wpcf7-text wpcf7-validates-as-required\" aria-required=\"true\" aria-invalid=\"false\" placeholder=\"Anrede\" \/><\/span><\/p>\n<\/div>\n<div class=\"col span_4\">\n<p><span class=\"wpcf7-form-control-wrap\" data-name=\"vorname\"><input type=\"text\" name=\"vorname\" value=\"\" size=\"40\" class=\"wpcf7-form-control wpcf7-text wpcf7-validates-as-required\" aria-required=\"true\" aria-invalid=\"false\" placeholder=\"Vorname\" \/><\/span><\/p>\n<\/div>\n<div class=\"col span_4 col_last\">\n<p><span class=\"wpcf7-form-control-wrap\" data-name=\"nachname\"><input type=\"text\" name=\"nachname\" value=\"\" size=\"40\" class=\"wpcf7-form-control wpcf7-text wpcf7-validates-as-required\" aria-required=\"true\" aria-invalid=\"false\" placeholder=\"Nachname\" \/><\/span><\/p>\n<\/div>\n<div class=\"col span_6\">\n<p><span class=\"wpcf7-form-control-wrap\" data-name=\"strasse\"><input type=\"text\" name=\"strasse\" value=\"\" size=\"40\" class=\"wpcf7-form-control wpcf7-text wpcf7-validates-as-required\" aria-required=\"true\" aria-invalid=\"false\" placeholder=\"Strasse &amp; Hausnummer\" \/><\/span><\/p>\n<\/div>\n<div class=\"col span_3\">\n<p><span class=\"wpcf7-form-control-wrap\" data-name=\"plz\"><input type=\"text\" name=\"plz\" value=\"\" size=\"40\" class=\"wpcf7-form-control wpcf7-text wpcf7-validates-as-required\" aria-required=\"true\" aria-invalid=\"false\" placeholder=\"PLZ\" \/><\/span><\/p>\n<\/div>\n<div class=\"col span_3 col_last\">\n<p><span class=\"wpcf7-form-control-wrap\" data-name=\"ort\"><input type=\"text\" name=\"ort\" value=\"\" size=\"40\" class=\"wpcf7-form-control wpcf7-text wpcf7-validates-as-required\" aria-required=\"true\" aria-invalid=\"false\" placeholder=\"Ort\" \/><\/span><\/p>\n<\/div>\n<div class=\"col span_4\">\n<p><span class=\"wpcf7-form-control-wrap\" data-name=\"email\"><input type=\"email\" name=\"email\" value=\"\" size=\"40\" class=\"wpcf7-form-control wpcf7-text wpcf7-email wpcf7-validates-as-required wpcf7-validates-as-email\" aria-required=\"true\" aria-invalid=\"false\" placeholder=\"E-Mail\" \/><\/span><\/p>\n<\/div>\n<div class=\"col span_4\">\n<p><span class=\"wpcf7-form-control-wrap\" data-name=\"mobile\"><input type=\"tel\" name=\"mobile\" value=\"\" size=\"40\" class=\"wpcf7-form-control wpcf7-text wpcf7-tel wpcf7-validates-as-required wpcf7-validates-as-tel\" aria-required=\"true\" aria-invalid=\"false\" placeholder=\"Mobile\" \/><\/span><\/p>\n<\/div>\n<div class=\"col span_4 col_last\">\n<p><span class=\"wpcf7-form-control-wrap\" data-name=\"telefon\"><input type=\"tel\" name=\"telefon\" value=\"\" size=\"40\" class=\"wpcf7-form-control wpcf7-text wpcf7-tel wpcf7-validates-as-tel\" aria-invalid=\"false\" placeholder=\"Telefon (optional)\" \/><\/span><\/p>\n<\/div>\n<div class=\"col span_12\">\n<p><span class=\"wpcf7-form-control-wrap\" data-name=\"mitteilung\"><textarea name=\"mitteilung\" cols=\"40\" rows=\"10\" class=\"wpcf7-form-control wpcf7-textarea\" aria-invalid=\"false\" placeholder=\"Mitteilung (optional)\"><\/textarea><\/span><\/p>\n<\/div>\n<div class=\"col span_12\">\n<p style=\"font-size:10px; line-height:13px; color:#005a70\">Diese Webseite ist gesch\u00fctzt durch reCAPTCHA und die Google <a style=\"text-decoration:underline; color:#005a70\" href=\"https:\/\/www.google.com\/intl\/de\/policies\/privacy\/\">Datenschutzerkl\u00e4rung<\/a> und <a style=\"text-decoration:underline;  color:#005a70\" href=\"https:\/\/www.google.com\/intl\/de\/policies\/terms\/\">Nutzungsbedingungen<\/a>.\n<\/div>\n<div class=\"col span_12 submit\">\n<p><input type=\"submit\" value=\"Senden\" class=\"wpcf7-form-control has-spinner wpcf7-submit\" \/><\/p>\n<\/div>\n<div class=\"wpcf7-response-output\" aria-hidden=\"true\"><\/div><\/form><\/div>[\/vc_column][vc_column column_padding=&#8220;no-extra-padding&#8220; column_padding_tablet=&#8220;inherit&#8220; column_padding_phone=&#8220;inherit&#8220; column_padding_position=&#8220;all&#8220; column_element_spacing=&#8220;default&#8220; background_color_opacity=&#8220;1&#8243; background_hover_color_opacity=&#8220;1&#8243; column_shadow=&#8220;none&#8220; column_border_radius=&#8220;none&#8220; column_link_target=&#8220;_self&#8220; column_position=&#8220;default&#8220; gradient_direction=&#8220;left_to_right&#8220; overlay_strength=&#8220;0.3&#8243; width=&#8220;1\/6&#8243; tablet_width_inherit=&#8220;default&#8220; tablet_text_alignment=&#8220;default&#8220; phone_text_alignment=&#8220;default&#8220; animation_type=&#8220;default&#8220; bg_image_animation=&#8220;none&#8220; border_type=&#8220;simple&#8220; column_border_width=&#8220;none&#8220; column_border_style=&#8220;solid&#8220;][\/vc_column][\/vc_row]\n","protected":false},"excerpt":{"rendered":"<p>[vc_row type=&#8220;in_container&#8220; full_screen_row_position=&#8220;middle&#8220; column_margin=&#8220;default&#8220; column_direction=&#8220;default&#8220; column_direction_tablet=&#8220;default&#8220; column_direction_phone=&#8220;default&#8220; scene_position=&#8220;center&#8220; top_padding=&#8220;66&#8243; bottom_padding=&#8220;66&#8243; top_padding_tablet=&#8220;100&#8243; bottom_padding_tablet=&#8220;100&#8243; top_padding_phone=&#8220;40&#8243; bottom_padding_phone=&#8220;0&#8243; left_padding_phone=&#8220;0&#8243; right_padding_phone=&#8220;0&#8243; text_color=&#8220;dark&#8220; text_align=&#8220;left&#8220; row_border_radius=&#8220;none&#8220; row_border_radius_applies=&#8220;bg&#8220; overflow=&#8220;visible&#8220; id=&#8220;standort&#8220; advanced_gradient_angle=&#8220;0&#8243; overlay_strength=&#8220;0.3&#8243; gradient_direction=&#8220;left_to_right&#8220; shape_divider_color=&#8220;#ffffff&#8220; shape_divider_position=&#8220;top&#8220; shape_divider_height=&#8220;10vh&#8220; shape_divider_bring_to_front=&#8220;true&#8220; bg_image_animation=&#8220;none&#8220;&#8230;<\/p>\n","protected":false},"author":1,"featured_media":0,"parent":0,"menu_order":100,"comment_status":"closed","ping_status":"closed","template":"template-no-header.php","meta":{"inline_featured_image":false,"footnotes":""},"class_list":["post-729","page","type-page","status-publish"],"aioseo_notices":[],"_links":{"self":[{"href":"https:\/\/rubin-gu.ch\/gewerbezentrum-kallnach\/wp-json\/wp\/v2\/pages\/729","targetHints":{"allow":["GET"]}}],"collection":[{"href":"https:\/\/rubin-gu.ch\/gewerbezentrum-kallnach\/wp-json\/wp\/v2\/pages"}],"about":[{"href":"https:\/\/rubin-gu.ch\/gewerbezentrum-kallnach\/wp-json\/wp\/v2\/types\/page"}],"author":[{"embeddable":true,"href":"https:\/\/rubin-gu.ch\/gewerbezentrum-kallnach\/wp-json\/wp\/v2\/users\/1"}],"replies":[{"embeddable":true,"href":"https:\/\/rubin-gu.ch\/gewerbezentrum-kallnach\/wp-json\/wp\/v2\/comments?post=729"}],"version-history":[{"count":0,"href":"https:\/\/rubin-gu.ch\/gewerbezentrum-kallnach\/wp-json\/wp\/v2\/pages\/729\/revisions"}],"wp:attachment":[{"href":"https:\/\/rubin-gu.ch\/gewerbezentrum-kallnach\/wp-json\/wp\/v2\/media?parent=729"}],"curies":[{"name":"wp","href":"https:\/\/api.w.org\/{rel}","templated":true}]}}